{"id":97,"date":"2019-05-23T23:50:48","date_gmt":"2019-05-23T20:50:48","guid":{"rendered":"https:\/\/bjursang.com\/lampaat\/"},"modified":"2023-11-05T18:49:24","modified_gmt":"2023-11-05T16:49:24","slug":"faren","status":"publish","type":"page","link":"https:\/\/bjursang.com\/sv\/faren\/","title":{"rendered":"F\u00e5ren"},"content":{"rendered":"\t\t<div data-elementor-type=\"wp-page\" data-elementor-id=\"97\" class=\"elementor elementor-97\">\n\t\t\t\t\t\t<section class=\"elementor-section elementor-top-section elementor-element elementor-element-2a46a3b elementor-section-boxed elementor-section-height-default elementor-section-height-default\" data-id=\"2a46a3b\" data-element_type=\"section\" data-e-type=\"section\">\n\t\t\t\t\t\t<div class=\"elementor-container elementor-column-gap-default\">\n\t\t\t\t\t<div class=\"elementor-column elementor-col-100 elementor-top-column elementor-element elementor-element-d579448\" data-id=\"d579448\" data-element_type=\"column\" data-e-type=\"column\">\n\t\t\t<div class=\"elementor-widget-wrap elementor-element-populated\">\n\t\t\t\t\t\t<div class=\"elementor-element elementor-element-874c3a1 elementor-widget elementor-widget-text-editor\" data-id=\"874c3a1\" data-element_type=\"widget\" data-e-type=\"widget\" data-widget_type=\"text-editor.default\">\n\t\t\t\t<div class=\"elementor-widget-container\">\n\t\t\t\t\t\t\t\t\t<h1>F\u00e5ren<\/h1><p>F\u00e5ren \u00e4r ute p\u00e5 bete p\u00e5 g\u00e5rdens \u00e4ngar, naturv\u00e5rds\u00e5krar och ekologiska vallar fr\u00e5n tidig sommar till sen h\u00f6st. Ocks\u00e5 vintertid har dom m\u00f6jlighet att g\u00e5 ut. Under vintertiden \u00e4ter dom huvudsakligen v\u00e5rt eget ekologiskt h\u00f6. F\u00e5rens viktigaste syssels\u00e4ttning \u00e4r att v\u00e5rda landskapet, speciellt h\u00e5lla omgivningen runt v\u00e5tmarksbass\u00e4ngerna \u00f6ppna och h\u00e5lla slyn borta. En annan viktig uppgift \u00e4r att producera g\u00f6dsel. Vi komposterar g\u00f6dseln och str\u00f6et som uppst\u00e5r under vintern i f\u00e5rhuset, och med den h\u00e4r komposten g\u00f6dslar vi \u00e5krarna. F\u00e5ren \u00e4r ursprungliga finska lantrasf\u00e5r och \u00e5landsf\u00e5r.<\/p><p>Vi producerar ocks\u00e5 sm\u00e5skaligt lammk\u00f6tt och f\u00e5rskinn. K\u00f6ttet s\u00e4lgs huvudsakligen p\u00e5 f\u00f6rhandsbest\u00e4llning antingen som helt eller halvt lamm. Pris \u00e4r 18 \u20ac\/kg. Inneh\u00e5ller fiol, kotletter, bog, skivad hals, l\u00e4gg och k\u00f6ttf\u00e4rs. Ett halvt lamm v\u00e4gen ca 7 kg och helt 14kg. F\u00e5ren slaktas ett par g\u00e5nger per \u00e5r, vanligtvis senh\u00f6st, i ett n\u00e4rslakteri som Livsmedelsverket \u00f6vervakar. Veterin\u00e4ren har besiktat k\u00f6ttet, det \u00e4r styckat och vakuumf\u00f6rpackat. Vi tar emot best\u00e4llningar hela sommaren. Det l\u00f6nar sig alltid ocks\u00e5 fr\u00e5ga efter djupfryst k\u00f6tt, som finns vanligtvis i frysen.<\/p><p>Olika f\u00e5rskinn f\u00f6r 80-160\u20ac, beroende p\u00e5 kvalitet och storlek. Det finns olika gr\u00e5a, bruna, svarta och vita.<\/p>\t\t\t\t\t\t\t\t<\/div>\n\t\t\t\t<\/div>\n\t\t\t\t\t<\/div>\n\t\t<\/div>\n\t\t\t\t\t<\/div>\n\t\t<\/section>\n\t\t\t\t<section class=\"elementor-section elementor-top-section elementor-element elementor-element-c9c2c71 elementor-section-boxed elementor-section-height-default elementor-section-height-default\" data-id=\"c9c2c71\" data-element_type=\"section\" data-e-type=\"section\">\n\t\t\t\t\t\t<div class=\"elementor-container elementor-column-gap-default\">\n\t\t\t\t\t<div class=\"elementor-column elementor-col-100 elementor-top-column elementor-element elementor-element-657127d\" data-id=\"657127d\" data-element_type=\"column\" data-e-type=\"column\">\n\t\t\t<div class=\"elementor-widget-wrap elementor-element-populated\">\n\t\t\t\t\t\t<div class=\"elementor-element elementor-element-9f60f72 elementor-widget elementor-widget-image\" data-id=\"9f60f72\" data-element_type=\"widget\" data-e-type=\"widget\" data-widget_type=\"image.default\">\n\t\t\t\t<div class=\"elementor-widget-container\">\n\t\t\t\t\t\t\t\t\t\t\t\t\t\t\t<img fetchpriority=\"high\" decoding=\"async\" width=\"1024\" height=\"768\" src=\"https:\/\/bjursang.com\/wp-content\/uploads\/2019\/05\/lampaat-1024x768.jpg\" class=\"attachment-large size-large wp-image-53\" alt=\"\" srcset=\"https:\/\/bjursang.com\/wp-content\/uploads\/2019\/05\/lampaat-1024x768.jpg 1024w, https:\/\/bjursang.com\/wp-content\/uploads\/2019\/05\/lampaat-300x225.jpg 300w, https:\/\/bjursang.com\/wp-content\/uploads\/2019\/05\/lampaat-768x576.jpg 768w, https:\/\/bjursang.com\/wp-content\/uploads\/2019\/05\/lampaat.jpg 1600w\" sizes=\"(max-width: 1024px) 100vw, 1024px\" \/>\t\t\t\t\t\t\t\t\t\t\t\t\t\t\t<\/div>\n\t\t\t\t<\/div>\n\t\t\t\t\t<\/div>\n\t\t<\/div>\n\t\t\t\t\t<\/div>\n\t\t<\/section>\n\t\t\t\t<\/div>\n\t\t","protected":false},"excerpt":{"rendered":"<p>F\u00e5ren F\u00e5ren \u00e4r ute p\u00e5 bete p\u00e5 g\u00e5rdens \u00e4ngar, naturv\u00e5rds\u00e5krar och ekologiska vallar fr\u00e5n tidig sommar till sen h\u00f6st. Ocks\u00e5 vintertid har dom m\u00f6jlighet att g\u00e5 ut. Under vintertiden \u00e4ter dom huvudsakligen v\u00e5rt eget ekologiskt h\u00f6. F\u00e5rens viktigaste syssels\u00e4ttning \u00e4r att v\u00e5rda landskapet, speciellt h\u00e5lla omgivningen runt v\u00e5tmarksbass\u00e4ngerna \u00f6ppna och h\u00e5lla slyn borta. En annan [&hellip;]<\/p>\n","protected":false},"author":1,"featured_media":0,"parent":0,"menu_order":0,"comment_status":"closed","ping_status":"closed","template":"","meta":{"footnotes":""},"class_list":["post-97","page","type-page","status-publish","hentry"],"_links":{"self":[{"href":"https:\/\/bjursang.com\/sv\/wp-json\/wp\/v2\/pages\/97","targetHints":{"allow":["GET"]}}],"collection":[{"href":"https:\/\/bjursang.com\/sv\/wp-json\/wp\/v2\/pages"}],"about":[{"href":"https:\/\/bjursang.com\/sv\/wp-json\/wp\/v2\/types\/page"}],"author":[{"embeddable":true,"href":"https:\/\/bjursang.com\/sv\/wp-json\/wp\/v2\/users\/1"}],"replies":[{"embeddable":true,"href":"https:\/\/bjursang.com\/sv\/wp-json\/wp\/v2\/comments?post=97"}],"version-history":[{"count":6,"href":"https:\/\/bjursang.com\/sv\/wp-json\/wp\/v2\/pages\/97\/revisions"}],"predecessor-version":[{"id":215,"href":"https:\/\/bjursang.com\/sv\/wp-json\/wp\/v2\/pages\/97\/revisions\/215"}],"wp:attachment":[{"href":"https:\/\/bjursang.com\/sv\/wp-json\/wp\/v2\/media?parent=97"}],"curies":[{"name":"wp","href":"https:\/\/api.w.org\/{rel}","templated":true}]}}