{"id":93,"date":"2019-05-23T23:50:34","date_gmt":"2019-05-23T20:50:34","guid":{"rendered":"https:\/\/bjursang.com\/hunaja\/"},"modified":"2019-06-08T12:08:11","modified_gmt":"2019-06-08T09:08:11","slug":"honung","status":"publish","type":"page","link":"https:\/\/bjursang.com\/sv\/honung\/","title":{"rendered":"Honung"},"content":{"rendered":"\t\t<div data-elementor-type=\"wp-page\" data-elementor-id=\"93\" class=\"elementor elementor-93\">\n\t\t\t\t\t\t<section class=\"elementor-section elementor-top-section elementor-element elementor-element-8030f37 elementor-section-boxed elementor-section-height-default elementor-section-height-default\" data-id=\"8030f37\" data-element_type=\"section\" data-e-type=\"section\">\n\t\t\t\t\t\t<div class=\"elementor-container elementor-column-gap-default\">\n\t\t\t\t\t<div class=\"elementor-column elementor-col-100 elementor-top-column elementor-element elementor-element-d1442cf\" data-id=\"d1442cf\" data-element_type=\"column\" data-e-type=\"column\">\n\t\t\t<div class=\"elementor-widget-wrap elementor-element-populated\">\n\t\t\t\t\t\t<div class=\"elementor-element elementor-element-14032cc elementor-widget elementor-widget-text-editor\" data-id=\"14032cc\" data-element_type=\"widget\" data-e-type=\"widget\" data-widget_type=\"text-editor.default\">\n\t\t\t\t<div class=\"elementor-widget-container\">\n\t\t\t\t\t\t\t\t\t<h1>Honung<\/h1><p>Vi har bikupor f\u00f6r att s\u00e4kerst\u00e4lla bra pollinering f\u00f6r alla v\u00e5ra b\u00e4rv\u00e4xter och pollineringen \u00e4r huvudsysslan f\u00f6r v\u00e5ra bin. Dom flesta b\u00e4rblommorna ger mycket nektar och honungssk\u00f6rden brukar vara bra. Vi har den lugna italienska bisorten. \u00c5rets ny honung finns till salu i slutet av augusti. Bjurs\u00e4ngs egen honung s\u00e4lgs f\u00f6r 7\u20ac\/450g plastburk och f\u00f6r 6\u20ac\/300g glasburk.<\/p>\t\t\t\t\t\t\t\t<\/div>\n\t\t\t\t<\/div>\n\t\t\t\t\t<\/div>\n\t\t<\/div>\n\t\t\t\t\t<\/div>\n\t\t<\/section>\n\t\t\t\t<section class=\"elementor-section elementor-top-section elementor-element elementor-element-4592c69 elementor-section-boxed elementor-section-height-default elementor-section-height-default\" data-id=\"4592c69\" data-element_type=\"section\" data-e-type=\"section\">\n\t\t\t\t\t\t<div class=\"elementor-container elementor-column-gap-default\">\n\t\t\t\t\t<div class=\"elementor-column elementor-col-100 elementor-top-column elementor-element elementor-element-50c6afc\" data-id=\"50c6afc\" data-element_type=\"column\" data-e-type=\"column\">\n\t\t\t<div class=\"elementor-widget-wrap elementor-element-populated\">\n\t\t\t\t\t\t<div class=\"elementor-element elementor-element-538118c elementor-widget elementor-widget-image\" data-id=\"538118c\" data-element_type=\"widget\" data-e-type=\"widget\" data-widget_type=\"image.default\">\n\t\t\t\t<div class=\"elementor-widget-container\">\n\t\t\t\t\t\t\t\t\t\t\t\t\t\t\t<img fetchpriority=\"high\" decoding=\"async\" width=\"1024\" height=\"768\" src=\"https:\/\/bjursang.com\/wp-content\/uploads\/2019\/05\/Hunaja-1024x768.jpg\" class=\"attachment-large size-large wp-image-51\" alt=\"\" srcset=\"https:\/\/bjursang.com\/wp-content\/uploads\/2019\/05\/Hunaja-1024x768.jpg 1024w, https:\/\/bjursang.com\/wp-content\/uploads\/2019\/05\/Hunaja-300x225.jpg 300w, https:\/\/bjursang.com\/wp-content\/uploads\/2019\/05\/Hunaja-768x576.jpg 768w, https:\/\/bjursang.com\/wp-content\/uploads\/2019\/05\/Hunaja.jpg 1600w\" sizes=\"(max-width: 1024px) 100vw, 1024px\" \/>\t\t\t\t\t\t\t\t\t\t\t\t\t\t\t<\/div>\n\t\t\t\t<\/div>\n\t\t\t\t\t<\/div>\n\t\t<\/div>\n\t\t\t\t\t<\/div>\n\t\t<\/section>\n\t\t\t\t<\/div>\n\t\t","protected":false},"excerpt":{"rendered":"<p>Honung Vi har bikupor f\u00f6r att s\u00e4kerst\u00e4lla bra pollinering f\u00f6r alla v\u00e5ra b\u00e4rv\u00e4xter och pollineringen \u00e4r huvudsysslan f\u00f6r v\u00e5ra bin. Dom flesta b\u00e4rblommorna ger mycket nektar och honungssk\u00f6rden brukar vara bra. Vi har den lugna italienska bisorten. \u00c5rets ny honung finns till salu i slutet av augusti. Bjurs\u00e4ngs egen honung s\u00e4lgs f\u00f6r 7\u20ac\/450g plastburk och [&hellip;]<\/p>\n","protected":false},"author":1,"featured_media":0,"parent":0,"menu_order":0,"comment_status":"closed","ping_status":"closed","template":"","meta":{"footnotes":""},"class_list":["post-93","page","type-page","status-publish","hentry"],"_links":{"self":[{"href":"https:\/\/bjursang.com\/sv\/wp-json\/wp\/v2\/pages\/93","targetHints":{"allow":["GET"]}}],"collection":[{"href":"https:\/\/bjursang.com\/sv\/wp-json\/wp\/v2\/pages"}],"about":[{"href":"https:\/\/bjursang.com\/sv\/wp-json\/wp\/v2\/types\/page"}],"author":[{"embeddable":true,"href":"https:\/\/bjursang.com\/sv\/wp-json\/wp\/v2\/users\/1"}],"replies":[{"embeddable":true,"href":"https:\/\/bjursang.com\/sv\/wp-json\/wp\/v2\/comments?post=93"}],"version-history":[{"count":2,"href":"https:\/\/bjursang.com\/sv\/wp-json\/wp\/v2\/pages\/93\/revisions"}],"predecessor-version":[{"id":95,"href":"https:\/\/bjursang.com\/sv\/wp-json\/wp\/v2\/pages\/93\/revisions\/95"}],"wp:attachment":[{"href":"https:\/\/bjursang.com\/sv\/wp-json\/wp\/v2\/media?parent=93"}],"curies":[{"name":"wp","href":"https:\/\/api.w.org\/{rel}","templated":true}]}}