{"id":79,"date":"2019-05-23T23:50:07","date_gmt":"2019-05-23T20:50:07","guid":{"rendered":"https:\/\/bjursang.com\/etusivu\/"},"modified":"2024-06-23T15:10:42","modified_gmt":"2024-06-23T12:10:42","slug":"etusivu","status":"publish","type":"page","link":"https:\/\/bjursang.com\/sv\/","title":{"rendered":"Hem"},"content":{"rendered":"\t\t<div data-elementor-type=\"wp-page\" data-elementor-id=\"79\" class=\"elementor elementor-79\">\n\t\t\t\t\t\t<section class=\"elementor-section elementor-top-section elementor-element elementor-element-d6b57d2 elementor-section-boxed elementor-section-height-default elementor-section-height-default\" data-id=\"d6b57d2\" data-element_type=\"section\" data-e-type=\"section\">\n\t\t\t\t\t\t<div class=\"elementor-container elementor-column-gap-default\">\n\t\t\t\t\t<div class=\"elementor-column elementor-col-100 elementor-top-column elementor-element elementor-element-ff3e48d\" data-id=\"ff3e48d\" data-element_type=\"column\" data-e-type=\"column\">\n\t\t\t<div class=\"elementor-widget-wrap elementor-element-populated\">\n\t\t\t\t\t\t<div class=\"elementor-element elementor-element-73e2643 elementor-widget elementor-widget-text-editor\" data-id=\"73e2643\" data-element_type=\"widget\" data-e-type=\"widget\" data-widget_type=\"text-editor.default\">\n\t\t\t\t<div class=\"elementor-widget-container\">\n\t\t\t\t\t\t\t\t\t<h1>L\u00e4ckra ekologiska b\u00e4r<span style=\"font-size: 23pt;\"><br>&#8211; och ocks\u00e5 lite vanliga<br><\/span><\/h1>\n<p>V\u00e4lkommen till Bjurs\u00e4ngs b\u00e4r- och f\u00e5rg\u00e5rd i Pargas innersk\u00e4rg\u00e5rd. H\u00e4r hittar du s\u00f6ta ekologiska jordgubbar,&nbsp; &#8211; buskbl\u00e5b\u00e4r, &#8211; vinb\u00e4r, &#8211; krusb\u00e4r, &#8211; bl\u00e5b\u00e4rstry och havtorn f\u00f6r att \u00e4ta direkt eller frysa ner f\u00f6r vintern. Du kan antingen plocka sj\u00e4lv eller k\u00f6pa f\u00e4rska f\u00e4rdigt plockade b\u00e4r.<\/p>\n<p>G\u00e5rdens egna bin jobbar hela sommaren och med dig kan du k\u00f6pa s\u00f6t honung. Vi har ocks\u00e5 f\u00e5r som sk\u00f6ter om det \u00f6ppna landskapet och till salu har vi lammk\u00f6tt och f\u00e5rskinn.<\/p>\t\t\t\t\t\t\t\t<\/div>\n\t\t\t\t<\/div>\n\t\t\t\t<div class=\"elementor-element elementor-element-3a0ea37 elementor-widget elementor-widget-image\" data-id=\"3a0ea37\" data-element_type=\"widget\" data-e-type=\"widget\" data-widget_type=\"image.default\">\n\t\t\t\t<div class=\"elementor-widget-container\">\n\t\t\t\t\t\t\t\t\t\t\t\t\t\t\t<img decoding=\"async\" src=\"https:\/\/bjursang.com\/wp-content\/uploads\/2019\/05\/Marjat.jpg\" title=\"\" alt=\"\" loading=\"lazy\" \/>\t\t\t\t\t\t\t\t\t\t\t\t\t\t\t<\/div>\n\t\t\t\t<\/div>\n\t\t\t\t\t<\/div>\n\t\t<\/div>\n\t\t\t\t\t<\/div>\n\t\t<\/section>\n\t\t\t\t<\/div>\n\t\t","protected":false},"excerpt":{"rendered":"<p>L\u00e4ckra ekologiska b\u00e4r&#8211; och ocks\u00e5 lite vanliga V\u00e4lkommen till Bjurs\u00e4ngs b\u00e4r- och f\u00e5rg\u00e5rd i Pargas innersk\u00e4rg\u00e5rd. H\u00e4r hittar du s\u00f6ta ekologiska jordgubbar,&nbsp; &#8211; buskbl\u00e5b\u00e4r, &#8211; vinb\u00e4r, &#8211; krusb\u00e4r, &#8211; bl\u00e5b\u00e4rstry och havtorn f\u00f6r att \u00e4ta direkt eller frysa ner f\u00f6r vintern. Du kan antingen plocka sj\u00e4lv eller k\u00f6pa f\u00e4rska f\u00e4rdigt plockade b\u00e4r. G\u00e5rdens egna bin [&hellip;]<\/p>\n","protected":false},"author":1,"featured_media":0,"parent":0,"menu_order":0,"comment_status":"closed","ping_status":"closed","template":"","meta":{"footnotes":""},"class_list":["post-79","page","type-page","status-publish","hentry"],"_links":{"self":[{"href":"https:\/\/bjursang.com\/sv\/wp-json\/wp\/v2\/pages\/79","targetHints":{"allow":["GET"]}}],"collection":[{"href":"https:\/\/bjursang.com\/sv\/wp-json\/wp\/v2\/pages"}],"about":[{"href":"https:\/\/bjursang.com\/sv\/wp-json\/wp\/v2\/types\/page"}],"author":[{"embeddable":true,"href":"https:\/\/bjursang.com\/sv\/wp-json\/wp\/v2\/users\/1"}],"replies":[{"embeddable":true,"href":"https:\/\/bjursang.com\/sv\/wp-json\/wp\/v2\/comments?post=79"}],"version-history":[{"count":11,"href":"https:\/\/bjursang.com\/sv\/wp-json\/wp\/v2\/pages\/79\/revisions"}],"predecessor-version":[{"id":232,"href":"https:\/\/bjursang.com\/sv\/wp-json\/wp\/v2\/pages\/79\/revisions\/232"}],"wp:attachment":[{"href":"https:\/\/bjursang.com\/sv\/wp-json\/wp\/v2\/media?parent=79"}],"curies":[{"name":"wp","href":"https:\/\/api.w.org\/{rel}","templated":true}]}}