{"id":119,"date":"2019-05-23T23:50:56","date_gmt":"2019-05-23T20:50:56","guid":{"rendered":"https:\/\/bjursang.com\/yhteystiedot\/"},"modified":"2019-10-27T20:27:57","modified_gmt":"2019-10-27T18:27:57","slug":"kontakt","status":"publish","type":"page","link":"https:\/\/bjursang.com\/sv\/kontakt\/","title":{"rendered":"Kontakt"},"content":{"rendered":"\t\t<div data-elementor-type=\"wp-page\" data-elementor-id=\"119\" class=\"elementor elementor-119\">\n\t\t\t\t\t\t<section class=\"elementor-section elementor-top-section elementor-element elementor-element-9889ac5 elementor-section-boxed elementor-section-height-default elementor-section-height-default\" data-id=\"9889ac5\" data-element_type=\"section\" data-e-type=\"section\">\n\t\t\t\t\t\t<div class=\"elementor-container elementor-column-gap-default\">\n\t\t\t\t\t<div class=\"elementor-column elementor-col-100 elementor-top-column elementor-element elementor-element-392158f\" data-id=\"392158f\" data-element_type=\"column\" data-e-type=\"column\">\n\t\t\t<div class=\"elementor-widget-wrap elementor-element-populated\">\n\t\t\t\t\t\t<div class=\"elementor-element elementor-element-46be563 elementor-widget elementor-widget-text-editor\" data-id=\"46be563\" data-element_type=\"widget\" data-e-type=\"widget\" data-widget_type=\"text-editor.default\">\n\t\t\t\t<div class=\"elementor-widget-container\">\n\t\t\t\t\t\t\t\t\t<h1>Kontakt och karta<\/h1><p><strong>Bjurs\u00e4ngs B\u00e4rodling<\/strong><br \/>Bjurs\u00e4ngstigen 27<br \/>21630 Lielax<\/p><p>040 562 7518 \/ Tanja &#8211; ekologiska jordgubbar och &#8211; hallon, f\u00e5ren<br \/>0400 878 075 \/ Elisif &#8211; \u00f6vriga b\u00e4r<br \/><a href=\"mailto:&#98;&#106;&#117;&#114;sang&#64;&#103;&#109;&#97;&#105;l&#46;co&#109;\">bju&#114;s&#97;&#110;g&#64;gmail.c&#111;&#109;<\/a><\/p><p>Pris och f\u00f6rfr\u00e5gningar per telefon, tack!<\/p><h2><strong>V\u00e4gbeskrivning<\/strong><\/h2><p>Bjurs\u00e4ng b\u00e4rodling ligger ungef\u00e4r 25 km fr\u00e5n \u00c5bo. Vik av fr\u00e5n Pargasv\u00e4gen vid Lielax v\u00e4gsk\u00e4l. K\u00f6r d\u00e4refter ca 4 km p\u00e5 Lielaxv\u00e4gen, vik sedan av vid R\u00f6varn\u00e4sv\u00e4gen. Efter 2,5 km sv\u00e4nger ni till h\u00f6ger mot Bjurs\u00e4ngsv\u00e4gen.<\/p>\t\t\t\t\t\t\t\t<\/div>\n\t\t\t\t<\/div>\n\t\t\t\t\t<\/div>\n\t\t<\/div>\n\t\t\t\t\t<\/div>\n\t\t<\/section>\n\t\t\t\t<section class=\"elementor-section elementor-top-section elementor-element elementor-element-c127f53 elementor-section-boxed elementor-section-height-default elementor-section-height-default\" data-id=\"c127f53\" data-element_type=\"section\" data-e-type=\"section\">\n\t\t\t\t\t\t<div class=\"elementor-container elementor-column-gap-default\">\n\t\t\t\t\t<div class=\"elementor-column elementor-col-100 elementor-top-column elementor-element elementor-element-27233b1\" data-id=\"27233b1\" data-element_type=\"column\" data-e-type=\"column\">\n\t\t\t<div class=\"elementor-widget-wrap elementor-element-populated\">\n\t\t\t\t\t\t<div class=\"elementor-element elementor-element-987f2bf elementor-widget elementor-widget-html\" data-id=\"987f2bf\" data-element_type=\"widget\" data-e-type=\"widget\" data-widget_type=\"html.default\">\n\t\t\t\t<div class=\"elementor-widget-container\">\n\t\t\t\t\t<iframe src=\"https:\/\/www.google.com\/maps\/embed?pb=!1m18!1m12!1m3!1d2394.7570840622366!2d22.47057929004107!3d60.3239580830156!2m3!1f0!2f0!3f0!3m2!1i1024!2i768!4f13.1!3m3!1m2!1s0x468c650e32ae728f%3A0xd9cf6a9cea86b2e8!2sBjurs%C3%A4ngsstigen+27%2C+21630+Pargas!5e0!3m2!1ssv!2sfi!4v1465539638558\" width=\"600\" height=\"500\" frameborder=\"0\" style=\"border:0\" allowfullscreen><\/iframe>\t\t\t\t<\/div>\n\t\t\t\t<\/div>\n\t\t\t\t\t<\/div>\n\t\t<\/div>\n\t\t\t\t\t<\/div>\n\t\t<\/section>\n\t\t\t\t<\/div>\n\t\t","protected":false},"excerpt":{"rendered":"<p>Kontakt och karta Bjurs\u00e4ngs B\u00e4rodlingBjurs\u00e4ngstigen 2721630 Lielax 040 562 7518 \/ Tanja &#8211; ekologiska jordgubbar och &#8211; hallon, f\u00e5ren0400 878 075 \/ Elisif &#8211; \u00f6vriga b\u00e4r Pris och f\u00f6rfr\u00e5gningar per telefon, tack! V\u00e4gbeskrivning Bjurs\u00e4ng b\u00e4rodling ligger ungef\u00e4r 25 km fr\u00e5n \u00c5bo. Vik av fr\u00e5n Pargasv\u00e4gen vid Lielax v\u00e4gsk\u00e4l. K\u00f6r d\u00e4refter ca 4 km p\u00e5 Lielaxv\u00e4gen, [&hellip;]<\/p>\n","protected":false},"author":1,"featured_media":0,"parent":0,"menu_order":0,"comment_status":"closed","ping_status":"closed","template":"","meta":{"footnotes":""},"class_list":["post-119","page","type-page","status-publish","hentry"],"_links":{"self":[{"href":"https:\/\/bjursang.com\/sv\/wp-json\/wp\/v2\/pages\/119","targetHints":{"allow":["GET"]}}],"collection":[{"href":"https:\/\/bjursang.com\/sv\/wp-json\/wp\/v2\/pages"}],"about":[{"href":"https:\/\/bjursang.com\/sv\/wp-json\/wp\/v2\/types\/page"}],"author":[{"embeddable":true,"href":"https:\/\/bjursang.com\/sv\/wp-json\/wp\/v2\/users\/1"}],"replies":[{"embeddable":true,"href":"https:\/\/bjursang.com\/sv\/wp-json\/wp\/v2\/comments?post=119"}],"version-history":[{"count":3,"href":"https:\/\/bjursang.com\/sv\/wp-json\/wp\/v2\/pages\/119\/revisions"}],"predecessor-version":[{"id":136,"href":"https:\/\/bjursang.com\/sv\/wp-json\/wp\/v2\/pages\/119\/revisions\/136"}],"wp:attachment":[{"href":"https:\/\/bjursang.com\/sv\/wp-json\/wp\/v2\/media?parent=119"}],"curies":[{"name":"wp","href":"https:\/\/api.w.org\/{rel}","templated":true}]}}